{"id":3833,"date":"2016-10-30T13:14:38","date_gmt":"2016-10-30T13:14:38","guid":{"rendered":"http:\/\/192.168.88.250:8080\/outlet\/?page_id=24"},"modified":"2024-04-19T01:46:44","modified_gmt":"2024-04-19T01:46:44","slug":"acercadenosotros","status":"publish","type":"page","link":"https:\/\/monaychurro.com\/en\/acercadenosotros\/","title":{"rendered":"ABOUT US"},"content":{"rendered":"<div class=\"wpb-content-wrapper\"><div data-vc-full-width=\"true\" data-vc-full-width-init=\"false\" data-vc-stretch-content=\"true\" class=\"vc_row wpb_row vc_row-fluid vc_custom_1486222925298 vc_row-no-padding\"><div class=\"wpb_column vc_column_container vc_col-sm-12\"><div class=\"vc_column-inner vc_custom_1707443820184\"><div class=\"wpb_wrapper\">\n\t<div  class=\"wpb_single_image wpb_content_element vc_align_center  vc_custom_1712276682504\">\n\t\t\n\t\t<figure class=\"wpb_wrapper vc_figure\">\n\t\t\t<div class=\"vc_single_image-wrapper   vc_box_border_grey\"><img loading=\"lazy\" decoding=\"async\" width=\"1620\" height=\"700\" src=\"https:\/\/monaychurro.com\/wp-content\/uploads\/2024\/03\/bannerhome3.jpg\" class=\"vc_single_image-img attachment-full\" alt=\"\" title=\"bannerhome3\" srcset=\"https:\/\/monaychurro.com\/wp-content\/uploads\/2024\/03\/bannerhome3.jpg 1620w, https:\/\/monaychurro.com\/wp-content\/uploads\/2024\/03\/bannerhome3-300x130.jpg 300w, https:\/\/monaychurro.com\/wp-content\/uploads\/2024\/03\/bannerhome3-1024x442.jpg 1024w, https:\/\/monaychurro.com\/wp-content\/uploads\/2024\/03\/bannerhome3-768x332.jpg 768w, https:\/\/monaychurro.com\/wp-content\/uploads\/2024\/03\/bannerhome3-1536x664.jpg 1536w, https:\/\/monaychurro.com\/wp-content\/uploads\/2024\/03\/bannerhome3-600x259.jpg 600w\" sizes=\"auto, (max-width: 1620px) 100vw, 1620px\" \/><\/div>\n\t\t<\/figure>\n\t<\/div>\n<\/div><\/div><\/div><\/div><div class=\"vc_row-full-width vc_clearfix\"><\/div><div class=\"vc_row wpb_row vc_row-fluid vc_custom_1480087157667\"><div class=\"wpb_column vc_column_container vc_col-sm-12\"><div class=\"vc_column-inner\"><div class=\"wpb_wrapper\">\n\t<div class=\"wpb_text_column wpb_content_element  vc_custom_1702341724031\" >\n\t\t<div class=\"wpb_wrapper\">\n\t\t\t<p style=\"max-width: 957px; margin: 0 auto; text-align: center; font-family: 'Raleway', Arial, sans-serif; font-style: normal; font-size: 18px; color: #777; line-height: 32px; font-weight: normal;\">Para hacerlo procuramos generar una comuni\u00f3n entre las tendencias de moda y el trabajo de nuestras artesanas. Esto implica la mezcla de paletas de colores, texturas, moldes, cortes y costuras con distintos tipos de artesan\u00edas, como las que se elaboran desde hace m\u00e1s de medio siglo en el barrio Santa Rosa de Lima en Bogot\u00e1-Colombia. All\u00ed se tejen las piezas que adornan nuestras prendas. Las mujeres artesanas dejan volar su imaginaci\u00f3n para plasmar con retazos de colores, aguja e hilo, <strong>las historias que llegan a su mente. Cada mujer, cada d\u00eda, cada sue\u00f1o y por ende, cada prenda que sale al mercado es singular, es \u00fanica.<\/strong> Es una evidencia de que los sue\u00f1os se hacen realidad con el trabajo y desde luego, es una contribuci\u00f3n a la preservaci\u00f3n de nuestra cultura y sus tradiciones.<\/p>\n\n\t\t<\/div>\n\t<\/div>\n<\/div><\/div><\/div><\/div><div data-vc-full-width=\"true\" data-vc-full-width-init=\"false\" class=\"vc_row wpb_row vc_row-fluid vc_column-gap-5\"><div class=\"wpb_column vc_column_container vc_col-sm-12\" id=\"corousel\"><div class=\"vc_column-inner\"><div class=\"wpb_wrapper\"><div class=\"wpb_images_carousel wpb_content_element vc_clearfix vc_custom_1713490430436 carouselAboutUs\"><div class=\"wpb_wrapper\"><div id=\"vc_images-carousel-1-1777507437\" data-ride=\"vc_carousel\" data-wrap=\"true\" style=\"width: 600px;\" data-interval=\"5000\" data-auto-height=\"yes\" data-mode=\"horizontal\" data-partial=\"false\" data-per-view=\"1\" data-hide-on-end=\"false\" class=\"vc_slide vc_images_carousel\"><div class=\"vc_carousel-inner\"><div class=\"vc_carousel-slideline\"><div class=\"vc_carousel-slideline-inner\"><div class=\"vc_item\"><div class=\"vc_inner\"><a class=\"\" href=\"https:\/\/monaychurro.com\/wp-content\/uploads\/2024\/04\/carrusel01.png\" data-lightbox=\"lightbox[rel-3833-717386823]\"><img decoding=\"async\" class=\"\" src=\"https:\/\/monaychurro.com\/wp-content\/uploads\/2024\/04\/carrusel01-600x600.png\" width=\"600\" height=\"600\" alt=\"carrusel01\" title=\"carrusel01\" loading=\"lazy\" \/><\/a><\/div><\/div><div class=\"vc_item\"><div class=\"vc_inner\"><a class=\"\" href=\"https:\/\/monaychurro.com\/wp-content\/uploads\/2024\/04\/carrusel05.png\" data-lightbox=\"lightbox[rel-3833-717386823]\"><img decoding=\"async\" class=\"\" src=\"https:\/\/monaychurro.com\/wp-content\/uploads\/2024\/04\/carrusel05-600x600.png\" width=\"600\" height=\"600\" alt=\"carrusel05\" title=\"carrusel05\" loading=\"lazy\" \/><\/a><\/div><\/div><div class=\"vc_item\"><div class=\"vc_inner\"><a class=\"\" href=\"https:\/\/monaychurro.com\/wp-content\/uploads\/2024\/04\/carrusel06.png\" data-lightbox=\"lightbox[rel-3833-717386823]\"><img decoding=\"async\" class=\"\" src=\"https:\/\/monaychurro.com\/wp-content\/uploads\/2024\/04\/carrusel06-600x600.png\" width=\"600\" height=\"600\" alt=\"carrusel06\" title=\"carrusel06\" loading=\"lazy\" \/><\/a><\/div><\/div><div class=\"vc_item\"><div class=\"vc_inner\"><a class=\"\" href=\"https:\/\/monaychurro.com\/wp-content\/uploads\/2024\/04\/carrusel04.png\" data-lightbox=\"lightbox[rel-3833-717386823]\"><img decoding=\"async\" class=\"\" src=\"https:\/\/monaychurro.com\/wp-content\/uploads\/2024\/04\/carrusel04-600x600.png\" width=\"600\" height=\"600\" alt=\"carrusel04\" title=\"carrusel04\" loading=\"lazy\" \/><\/a><\/div><\/div><div class=\"vc_item\"><div class=\"vc_inner\"><a class=\"\" href=\"https:\/\/monaychurro.com\/wp-content\/uploads\/2024\/04\/carrusel03.png\" data-lightbox=\"lightbox[rel-3833-717386823]\"><img decoding=\"async\" class=\"\" src=\"https:\/\/monaychurro.com\/wp-content\/uploads\/2024\/04\/carrusel03-600x600.png\" width=\"600\" height=\"600\" alt=\"carrusel03\" title=\"carrusel03\" loading=\"lazy\" \/><\/a><\/div><\/div><div class=\"vc_item\"><div class=\"vc_inner\"><a class=\"\" href=\"https:\/\/monaychurro.com\/wp-content\/uploads\/2024\/04\/carrusel02.png\" data-lightbox=\"lightbox[rel-3833-717386823]\"><img decoding=\"async\" class=\"\" src=\"https:\/\/monaychurro.com\/wp-content\/uploads\/2024\/04\/carrusel02-600x600.png\" width=\"600\" height=\"600\" alt=\"carrusel02\" title=\"carrusel02\" loading=\"lazy\" \/><\/a><\/div><\/div><\/div><\/div><\/div><a class=\"vc_left vc_carousel-control\" href=\"#vc_images-carousel-1-1777507437\" data-slide=\"prev\"><span class=\"icon-prev\"><\/span><\/a><a class=\"vc_right vc_carousel-control\" href=\"#vc_images-carousel-1-1777507437\" data-slide=\"next\"><span class=\"icon-next\"><\/span><\/a><\/div><\/div><\/div><\/div><\/div><\/div><\/div><div class=\"vc_row-full-width vc_clearfix\"><\/div><div data-vc-full-width=\"true\" data-vc-full-width-init=\"false\" class=\"vc_row wpb_row vc_row-fluid vc_custom_1712623173474\"><div class=\"wpb_column vc_column_container vc_col-sm-12\"><div class=\"vc_column-inner\"><div class=\"wpb_wrapper\">\n\t<div class=\"wpb_video_widget wpb_content_element vc_clearfix  wpb_animate_when_almost_visible wpb_fadeInDown fadeInDown  vc_video-aspect-ratio-169 vc_video-el-width-100 vc_video-align-left\" >\n\t\t<div class=\"wpb_wrapper\">\n\t\t\t\n\t\t\t<div class=\"wpb_video_wrapper\"><iframe loading=\"lazy\" title=\"TRENCH COAT\" width=\"500\" height=\"281\" src=\"https:\/\/www.youtube.com\/embed\/Syi5dT1PLzg?feature=oembed\" frameborder=\"0\" allow=\"accelerometer; autoplay; clipboard-write; encrypted-media; gyroscope; picture-in-picture; web-share\" allowfullscreen><\/iframe><\/div>\n\t\t<\/div>\n\t<\/div>\n<\/div><\/div><\/div><\/div><div class=\"vc_row-full-width vc_clearfix\"><\/div><div class=\"vc_row wpb_row vc_row-fluid vc_custom_1702339177662 vc_row-o-full-height vc_row-o-columns-middle vc_row-o-equal-height vc_row-flex\"><div class=\"wpb_column vc_column_container vc_col-sm-12\"><div class=\"vc_column-inner\"><div class=\"wpb_wrapper\">    <!-- Testimonial Start -->\r\n    <div class=\"seese-testi-slider \">\r\n      <ul class=\"owl-carousel seese-testi-box\" id=\"seese-testi-slider-69f29c6df0b14\">\r\n\r\n      \r\n          <li>\r\n                          <div class=\"seese-testi-img\">\r\n                <img decoding=\"async\" src=\"https:\/\/monaychurro.com\/wp-content\/uploads\/2016\/11\/CATA.png\" alt=\"Testimonial One\"\/>\r\n              <\/div>\r\n            <div class=\"seese-testi-text\">\r\n              <q><span style=\"font-weight: 400;\">Artista pl\u00e1stica y dise\u00f1adora. Su obra ha sido expuesta en espacios como la Galer\u00eda Oscar Ascanio en Miami-EEUU, el tercer concurso de Arte Joven 2010\u00a0 Embajada de Espa\u00f1a en Colombia &#8211; Colsanitas, la Universidad de los Andes y la Galer\u00eda Santa F\u00e9.Ha realizado trabajos de dise\u00f1o interior para Panam\u00e1, Colombia, Ecuador, M\u00e9xico y\u00a0 EE.UU.<\/span>\r\n\r\n<span style=\"font-weight: 400;\">Est\u00e1 casada con el publicista Jaime Reyes con quien tiene dos hijas Ana e Isabel. En el 2019 inicia su proyecto de moda Mona &amp; Churro.<\/span><\/q>\r\n            <\/div>\r\n\r\n                          <div class=\"seese-testi-name\">\r\n                 Catalina Ram\u00edrez              <\/div>\r\n            \r\n                          <div class=\"seese-testi-pro\">\r\n                Directora y Fundadora              <\/div>\r\n                      <\/li>\r\n              <\/ul>\r\n    <\/div>\r\n    <!-- Testimonial End -->\r\n\r\n    <script type=\"text\/javascript\">\r\n      jQuery(document).ready(function($) {\r\n        $('#seese-testi-slider-69f29c6df0b14').imagesLoaded(function() {\r\n          $('#seese-testi-slider-69f29c6df0b14').owlCarousel({\r\n            items: 1,\r\n            loop: true,\r\n            nav: false,\r\n            dots: true,\r\n            autoplay: false,\r\n            navText: [\"<i class='fa fa-angle-left' aria-hidden='true'><\/i>\", \"<i class='fa fa-angle-right' aria-hidden='true'><\/i>\"],\r\n            autoHeight: false,\r\n            responsive: {\r\n              0: {\r\n                items: 1\r\n              },\r\n              600: {\r\n                items: 1\r\n              }\r\n            }\r\n          });\r\n        });\r\n      });\r\n    <\/script>\r\n\r\n  <\/div><\/div><\/div><\/div>\n<\/div>","protected":false},"excerpt":{"rendered":"<p>Artist and designer. Her  work has been exhibited in spaces such as the Oscar Ascanio Gallery in Miami-USA, the third Young Art Competition 2010 Embassy of Spain in Colombia-Colsanitas, the University of Los Andes and the Santa F\u00e9 Gallery. She has done interior design work for Panama, Colombia, Ecuador, Mexico and the USA.<\/p>\n<p>She is happily married to the ad man Jaime Reyes with whom she has two daughters: Ana and Isabel. In 2019 she started her fashion project Mona &amp; Churro.<\/p>","protected":false},"author":1,"featured_media":2383,"parent":0,"menu_order":0,"comment_status":"closed","ping_status":"closed","template":"","meta":{"_joinchat":[],"footnotes":""},"class_list":["post-3833","page","type-page","status-publish","has-post-thumbnail","hentry"],"_links":{"self":[{"href":"https:\/\/monaychurro.com\/en\/wp-json\/wp\/v2\/pages\/3833","targetHints":{"allow":["GET"]}}],"collection":[{"href":"https:\/\/monaychurro.com\/en\/wp-json\/wp\/v2\/pages"}],"about":[{"href":"https:\/\/monaychurro.com\/en\/wp-json\/wp\/v2\/types\/page"}],"author":[{"embeddable":true,"href":"https:\/\/monaychurro.com\/en\/wp-json\/wp\/v2\/users\/1"}],"replies":[{"embeddable":true,"href":"https:\/\/monaychurro.com\/en\/wp-json\/wp\/v2\/comments?post=3833"}],"version-history":[{"count":69,"href":"https:\/\/monaychurro.com\/en\/wp-json\/wp\/v2\/pages\/3833\/revisions"}],"predecessor-version":[{"id":4157,"href":"https:\/\/monaychurro.com\/en\/wp-json\/wp\/v2\/pages\/3833\/revisions\/4157"}],"wp:featuredmedia":[{"embeddable":true,"href":"https:\/\/monaychurro.com\/en\/wp-json\/wp\/v2\/media\/2383"}],"wp:attachment":[{"href":"https:\/\/monaychurro.com\/en\/wp-json\/wp\/v2\/media?parent=3833"}],"curies":[{"name":"wp","href":"https:\/\/api.w.org\/{rel}","templated":true}]}}