{"id":26,"date":"2016-10-30T13:14:38","date_gmt":"2016-10-30T13:14:38","guid":{"rendered":"http:\/\/192.168.88.250:8080\/outlet\/?page_id=24"},"modified":"2016-10-30T13:14:38","modified_gmt":"2016-10-30T13:14:38","slug":"about","status":"publish","type":"page","link":"https:\/\/monaychurro.com\/en\/about\/","title":{"rendered":"About"},"content":{"rendered":"<div class=\"wpb-content-wrapper\"><div data-vc-full-width=\"true\" data-vc-full-width-init=\"false\" data-vc-stretch-content=\"true\" class=\"vc_row wpb_row vc_row-fluid vc_custom_1486222925298 vc_row-no-padding\"><div class=\"wpb_column vc_column_container vc_col-sm-12\"><div class=\"vc_column-inner\"><div class=\"wpb_wrapper\">\n\t<div  class=\"wpb_single_image wpb_content_element vc_align_center\">\n\t\t\n\t\t<figure class=\"wpb_wrapper vc_figure\">\n\t\t\t<div class=\"vc_single_image-wrapper   vc_box_border_grey\"><img loading=\"lazy\" decoding=\"async\" width=\"1620\" height=\"700\" src=\"https:\/\/monaychurro.com\/wp-content\/uploads\/2016\/10\/banner-bg-1.jpg\" class=\"vc_single_image-img attachment-full\" alt=\"\" title=\"banner-bg-1\" srcset=\"https:\/\/monaychurro.com\/wp-content\/uploads\/2016\/10\/banner-bg-1.jpg 1620w, https:\/\/monaychurro.com\/wp-content\/uploads\/2016\/10\/banner-bg-1-600x259.jpg 600w, https:\/\/monaychurro.com\/wp-content\/uploads\/2016\/10\/banner-bg-1-300x130.jpg 300w, https:\/\/monaychurro.com\/wp-content\/uploads\/2016\/10\/banner-bg-1-1024x442.jpg 1024w, https:\/\/monaychurro.com\/wp-content\/uploads\/2016\/10\/banner-bg-1-768x332.jpg 768w, https:\/\/monaychurro.com\/wp-content\/uploads\/2016\/10\/banner-bg-1-1536x664.jpg 1536w\" sizes=\"auto, (max-width: 1620px) 100vw, 1620px\" \/><\/div>\n\t\t<\/figure>\n\t<\/div>\n<\/div><\/div><\/div><\/div><div class=\"vc_row-full-width vc_clearfix\"><\/div><div class=\"vc_row wpb_row vc_row-fluid vc_custom_1480087157667\"><div class=\"wpb_column vc_column_container vc_col-sm-12\"><div class=\"vc_column-inner\"><div class=\"wpb_wrapper\">\n\t<div class=\"wpb_text_column wpb_content_element  vc_custom_1493743748405\" >\n\t\t<div class=\"wpb_wrapper\">\n\t\t\t<h1 style=\"text-align: center; line-height: 42px; margin-bottom: 18px;\"><strong><span style=\"font-size: 38px;\">Hello, We are Seese.<br \/>\nEstablished in 2001 \u2013 Spain.<\/span><\/strong><\/h1>\n<p style=\"max-width: 957px; margin: 0 auto; text-align: center; font-family: 'Raleway', Arial, sans-serif; font-style: normal; font-size: 18px; color: #777; line-height: 32px; font-weight: normal;\">Seese was founded in 2001 by Jack Sparrow and Will Turner, both alumni of the Oxford University. They worked for ebay.com, and left to create their new company incorporated in October 2001 as Seese Online Services Pvt. Ltd. in Spain that mainly focused in online shopping.<\/p>\n\n\t\t<\/div>\n\t<\/div>\n<div style=\"text-align:center;\"><a class=\"seese-btn btn-secondary seese-btn-69f4b57742447 btn-hover-one \" href=\"http:\/\/victorthemes.com\/themes\/seese\/shop\/sidebar\/\"><span class=\"btn-text\">SHOP NOW<\/span><\/a><\/div><\/div><\/div><\/div><\/div><div class=\"vc_row wpb_row vc_row-fluid vc_custom_1480523217711\"><div class=\"wpb_column vc_column_container vc_col-sm-12\"><div class=\"vc_column-inner\"><div class=\"wpb_wrapper\">    <div class=\"seese-media-wrap seese-video-69f4b57743787 \">\r\n      <div class=\"img-wrap\">\r\n        <a href=\"javascript:void(0);\" class=\"play-btn\" id=\"play-btn\">\r\n          <img decoding=\"async\" src=\"https:\/\/monaychurro.com\/wp-content\/uploads\/2016\/10\/play.png\" alt=\"video-play\" class=\"video-play\"\/>\r\n        <\/a>\r\n        <img decoding=\"async\" src=\"https:\/\/monaychurro.com\/wp-content\/uploads\/2016\/10\/banner-bg-2-1170x480.jpg\" alt=\"video-poster\" class=\"video-poster\" \/>\r\n      <\/div>\r\n      <div class=\"video-wrap\">    \r\n                    <iframe class=\"video-iframe video-view\" src=\"https:\/\/player.vimeo.com\/video\/31050469\"  frameborder=\"0\"><\/iframe>\r\n           \r\n      <\/div>\r\n    <\/div>\r\n    \r\n    <script type=\"text\/javascript\">    \r\n      jQuery('.seese-video-69f4b57743787 #play-btn').click(function(event){\r\n        event.preventDefault();\r\n        if(jQuery('.seese-video-69f4b57743787 .video-view').hasClass('video-html')) {\r\n          jQuery('.seese-video-69f4b57743787 .video-html')[0].play();   \r\n          jQuery('.seese-video-69f4b57743787 .video-html').attr({'controls':'true'});                  \r\n        }\r\n        if(jQuery('.seese-video-69f4b57743787 .video-view').hasClass('video-iframe')) {           \r\n          var iframeSrc = jQuery('.seese-video-69f4b57743787 .video-iframe').attr(\"src\");\r\n          if (iframeSrc.indexOf(\"?\") >= 0) {\r\n            jQuery('.seese-video-69f4b57743787 .video-iframe')[0].src += \"&autoplay=1\";\r\n          } else {\r\n            jQuery('.seese-video-69f4b57743787 .video-iframe')[0].src += \"?autoplay=1\";\r\n          }\r\n        }\r\n        jQuery(this).unbind('click');\r\n        jQuery('.seese-video-69f4b57743787').addClass('active');\r\n      });    \r\n    <\/script>\r\n        \r\n<\/div><\/div><\/div><\/div><div class=\"vc_row wpb_row vc_row-fluid vc_custom_1493727292688 vc_row-has-fill\"><div class=\"wpb_column vc_column_container vc_col-sm-4\"><div class=\"vc_column-inner\"><div class=\"wpb_wrapper\">    <div class=\"seese-cntr-box  seese-cntr-69f4b57743b30\">\r\n      <div class=\"cntr-value\">\r\n                <span id=\"cntr-69f4b57743b30\">75<\/span>\r\n                <span class=\"cntr-suffix\">K<\/span>      <\/div>\r\n      <div class=\"cntr-title\">Customers<\/div>\r\n      <div class=\"cntr-details\">Worldwide Satisfied Clients<\/div>\r\n    <\/div>\r\n\r\n    <script type=\"text\/javascript\">\r\n      jQuery(document).ready(function($) {\r\n        $('#cntr-69f4b57743b30').counterUp({\r\n          delay: 10,\r\n          time: 1000        });\r\n      });\r\n    <\/script>\r\n\r\n    <\/div><\/div><\/div><div class=\"wpb_column vc_column_container vc_col-sm-4\"><div class=\"vc_column-inner\"><div class=\"wpb_wrapper\">    <div class=\"seese-cntr-box  seese-cntr-69f4b57743c8b\">\r\n      <div class=\"cntr-value\">\r\n                <span id=\"cntr-69f4b57743c8b\">10<\/span>\r\n        <span class=\"cntr-super\">+<\/span>              <\/div>\r\n      <div class=\"cntr-title\">Years of Service<\/div>\r\n      <div class=\"cntr-details\">Established on April 2001<\/div>\r\n    <\/div>\r\n\r\n    <script type=\"text\/javascript\">\r\n      jQuery(document).ready(function($) {\r\n        $('#cntr-69f4b57743c8b').counterUp({\r\n          delay: 10,\r\n          time: 1000        });\r\n      });\r\n    <\/script>\r\n\r\n    <\/div><\/div><\/div><div class=\"wpb_column vc_column_container vc_col-sm-4\"><div class=\"vc_column-inner\"><div class=\"wpb_wrapper\">    <div class=\"seese-cntr-box  seese-cntr-69f4b57743dc4\">\r\n      <div class=\"cntr-value\">\r\n                <span id=\"cntr-69f4b57743dc4\">43<\/span>\r\n                      <\/div>\r\n      <div class=\"cntr-title\">Stores worldwide<\/div>\r\n      <div class=\"cntr-details\">Delivery Within 3 Days<\/div>\r\n    <\/div>\r\n\r\n    <script type=\"text\/javascript\">\r\n      jQuery(document).ready(function($) {\r\n        $('#cntr-69f4b57743dc4').counterUp({\r\n          delay: 10,\r\n          time: 1000        });\r\n      });\r\n    <\/script>\r\n\r\n    <\/div><\/div><\/div><\/div><div class=\"vc_row wpb_row vc_row-fluid vc_custom_1487424708246 vc_row-has-fill\"><div class=\"wpb_column vc_column_container vc_col-sm-12\"><div class=\"vc_column-inner\"><div class=\"wpb_wrapper\"><div class=\"vc_separator wpb_content_element vc_separator_align_center vc_sep_width_100 vc_sep_pos_align_center vc_separator_no_text vc_sep_color_grey vc_custom_1487425139518  vc_custom_1487425139518\" ><span class=\"vc_sep_holder vc_sep_holder_l\"><span class=\"vc_sep_line\"><\/span><\/span><span class=\"vc_sep_holder vc_sep_holder_r\"><span class=\"vc_sep_line\"><\/span><\/span>\n<\/div>\n\t<div class=\"wpb_text_column wpb_content_element  vc_custom_1480528081032\" >\n\t\t<div class=\"wpb_wrapper\">\n\t\t\t<h2 style=\"text-align: center;\"><strong><span style=\"font-size: 35px;\">Team Members<\/span><\/strong><\/h2>\n\n\t\t<\/div>\n\t<\/div>\n    <!-- Team Start -->\r\n    <div class=\"seese-team seese-team-col-3 \">\r\n\r\n    <div class=\"row\"><div class=\"col-lg-4 col-md-4 col-sm-4 col-xs-12\">        <div class=\"seese-team-box\">\r\n                      <div class=\"seese-team-img\">\r\n              <img decoding=\"async\" src=\"https:\/\/monaychurro.com\/wp-content\/uploads\/2016\/11\/team_3.jpg\" alt=\"Micheal Jordan\"\/>\r\n            <\/div>\r\n       \t  \r\n                    <div class=\"seese-team-text\">\r\n            <div class=\"wpb-content-wrapper\"><div class=\"vc_row wpb_row vc_row-fluid\"><div class=\"wpb_column vc_column_container vc_col-sm-12\"><div class=\"vc_column-inner\"><div class=\"wpb_wrapper\">\n\t<div class=\"wpb_text_column wpb_content_element \" >\n\t\t<div class=\"wpb_wrapper\">\n\t\t\t<p style=\"text-align: center;\"><em>Hello People<\/em><\/p>\n<p style=\"text-align: center;\">Berlin is a Bacon ipsum dolor amet cupim beef ribs short ribs ham hock beef drumstick elits bacone short loin ribeye.<\/p>\n<ul class=\"clearfix seese-social-two  seese-socials-69f4b577465b9\"><li><a href=\"#\" target=\"_blank\" class=\"icon-fa-facebook\"><i class=\"fa fa-facebook\"><\/i><\/a><\/li><li><a href=\"#\" target=\"_blank\" class=\"icon-fa-twitter\"><i class=\"fa fa-twitter\"><\/i><\/a><\/li><li><a href=\"#\" target=\"_blank\" class=\"icon-fa-linkedin\"><i class=\"fa fa-linkedin\"><\/i><\/a><\/li><li><a href=\"#\" target=\"_blank\" class=\"icon-fa-behance\"><i class=\"fa fa-behance\"><\/i><\/a><\/li><\/ul>\n\n\t\t<\/div>\n\t<\/div>\n<\/div><\/div><\/div><\/div>\n<\/div>          <\/div>\r\n          \r\n          <div class=\"seese-team-info\">\r\n            <div class=\"seese-lift-up\">\r\n              <div class=\"member-name\">\r\n                <a href=\"\">\r\n                  Micheal Jordan                <\/a>\r\n              <\/div>\r\n                            <div class=\"member-job\">\r\n                Founder &amp; CEO              <\/div>\r\n                          <\/div>\r\n          <\/div>\r\n\r\n        <\/div>\r\n        <\/div><div class=\"col-lg-4 col-md-4 col-sm-4 col-xs-12\">        <div class=\"seese-team-box\">\r\n                      <div class=\"seese-team-img\">\r\n              <img decoding=\"async\" src=\"https:\/\/monaychurro.com\/wp-content\/uploads\/2016\/11\/team_3.jpg\" alt=\"Dachin Welvaker\"\/>\r\n            <\/div>\r\n       \t  \r\n                    <div class=\"seese-team-text\">\r\n            <div class=\"wpb-content-wrapper\"><div class=\"vc_row wpb_row vc_row-fluid\"><div class=\"wpb_column vc_column_container vc_col-sm-12\"><div class=\"vc_column-inner\"><div class=\"wpb_wrapper\">\n\t<div class=\"wpb_text_column wpb_content_element \" >\n\t\t<div class=\"wpb_wrapper\">\n\t\t\t<p style=\"text-align: center;\"><em>Hello People<\/em><\/p>\n<p style=\"text-align: center;\">Berlin is a Bacon ipsum dolor amet cupim beef ribs short ribs ham hock beef drumstick elits bacone short loin ribeye.<\/p>\n<ul class=\"clearfix seese-social-two  seese-socials-69f4b57746f22\"><li><a href=\"#\" target=\"_blank\" class=\"icon-fa-facebook\"><i class=\"fa fa-facebook\"><\/i><\/a><\/li><li><a href=\"#\" target=\"_blank\" class=\"icon-fa-twitter\"><i class=\"fa fa-twitter\"><\/i><\/a><\/li><li><a href=\"#\" target=\"_blank\" class=\"icon-fa-linkedin\"><i class=\"fa fa-linkedin\"><\/i><\/a><\/li><li><a href=\"#\" target=\"_blank\" class=\"icon-fa-behance\"><i class=\"fa fa-behance\"><\/i><\/a><\/li><\/ul>\n\n\t\t<\/div>\n\t<\/div>\n<\/div><\/div><\/div><\/div>\n<\/div>          <\/div>\r\n          \r\n          <div class=\"seese-team-info\">\r\n            <div class=\"seese-lift-up\">\r\n              <div class=\"member-name\">\r\n                <a href=\"\">\r\n                  Dachin Welvaker                <\/a>\r\n              <\/div>\r\n                            <div class=\"member-job\">\r\n                Creative Director              <\/div>\r\n                          <\/div>\r\n          <\/div>\r\n\r\n        <\/div>\r\n        <\/div><div class=\"col-lg-4 col-md-4 col-sm-4 col-xs-12\">        <div class=\"seese-team-box\">\r\n                      <div class=\"seese-team-img\">\r\n              <img decoding=\"async\" src=\"https:\/\/monaychurro.com\/wp-content\/uploads\/2016\/11\/team_3.jpg\" alt=\"Jukarous Walley\"\/>\r\n            <\/div>\r\n       \t  \r\n                    <div class=\"seese-team-text\">\r\n            <div class=\"wpb-content-wrapper\"><div class=\"vc_row wpb_row vc_row-fluid\"><div class=\"wpb_column vc_column_container vc_col-sm-12\"><div class=\"vc_column-inner\"><div class=\"wpb_wrapper\">\n\t<div class=\"wpb_text_column wpb_content_element \" >\n\t\t<div class=\"wpb_wrapper\">\n\t\t\t<p style=\"text-align: center;\"><em>Hello People<\/em><\/p>\n<p style=\"text-align: center;\">Berlin is a Bacon ipsum dolor amet cupim beef ribs short ribs ham hock beef drumstick elits bacone short loin ribeye.<\/p>\n<ul class=\"clearfix seese-social-two  seese-socials-69f4b5774773d\"><li><a href=\"#\" target=\"_blank\" class=\"icon-fa-facebook\"><i class=\"fa fa-facebook\"><\/i><\/a><\/li><li><a href=\"#\" target=\"_blank\" class=\"icon-fa-twitter\"><i class=\"fa fa-twitter\"><\/i><\/a><\/li><li><a href=\"#\" target=\"_blank\" class=\"icon-fa-linkedin\"><i class=\"fa fa-linkedin\"><\/i><\/a><\/li><li><a href=\"#\" target=\"_blank\" class=\"icon-fa-behance\"><i class=\"fa fa-behance\"><\/i><\/a><\/li><\/ul>\n\n\t\t<\/div>\n\t<\/div>\n<\/div><\/div><\/div><\/div>\n<\/div>          <\/div>\r\n          \r\n          <div class=\"seese-team-info\">\r\n            <div class=\"seese-lift-up\">\r\n              <div class=\"member-name\">\r\n                <a href=\"#\">\r\n                  Jukarous Walley                <\/a>\r\n              <\/div>\r\n                            <div class=\"member-job\">\r\n                Sales Director              <\/div>\r\n                          <\/div>\r\n          <\/div>\r\n\r\n        <\/div>\r\n        <\/div><\/div>    <\/div>\r\n    <!-- Team End -->\r\n<\/div><\/div><\/div><\/div><div class=\"vc_row wpb_row vc_row-fluid vc_custom_1480529273671\"><div class=\"wpb_column vc_column_container vc_col-sm-12\"><div class=\"vc_column-inner\"><div class=\"wpb_wrapper\"><div class=\"vc_separator wpb_content_element vc_separator_align_center vc_sep_width_100 vc_sep_pos_align_center vc_separator_no_text vc_sep_color_grey vc_custom_1487424899987  vc_custom_1487424899987\" ><span class=\"vc_sep_holder vc_sep_holder_l\"><span class=\"vc_sep_line\"><\/span><\/span><span class=\"vc_sep_holder vc_sep_holder_r\"><span class=\"vc_sep_line\"><\/span><\/span>\n<\/div>    <!-- Testimonial Start -->\r\n    <div class=\"seese-testi-slider \">\r\n      <ul class=\"owl-carousel seese-testi-box\" id=\"seese-testi-slider-69f4b577487e6\">\r\n\r\n      \r\n          <li>\r\n                          <div class=\"seese-testi-img\">\r\n                <img decoding=\"async\" src=\"https:\/\/monaychurro.com\/wp-content\/uploads\/2016\/11\/CATA.png\" alt=\"Testimonial One\"\/>\r\n              <\/div>\r\n            <div class=\"seese-testi-text\">\r\n              <q><span style=\"font-weight: 400;\">Artista pl\u00e1stica y dise\u00f1adora. Su obra ha sido expuesta en espacios como la Galer\u00eda Oscar Ascanio en Miami-EEUU, el tercer concurso de Arte Joven 2010\u00a0 Embajada de Espa\u00f1a en Colombia &#8211; Colsanitas, la Universidad de los Andes y la Galer\u00eda Santa F\u00e9.Ha realizado trabajos de dise\u00f1o interior para Panam\u00e1, Colombia, Ecuador, M\u00e9xico y\u00a0 EE.UU.<\/span>\r\n\r\n<span style=\"font-weight: 400;\">Est\u00e1 casada con el publicista Jaime Reyes con quien tiene dos hijas Ana e Isabel. En el 2019 inicia su proyecto de moda Mona &amp; Churro.<\/span><\/q>\r\n            <\/div>\r\n\r\n                          <div class=\"seese-testi-name\">\r\n                 Catalina Ram\u00edrez              <\/div>\r\n            \r\n                          <div class=\"seese-testi-pro\">\r\n                Directora y Fundadora              <\/div>\r\n                      <\/li>\r\n              <\/ul>\r\n    <\/div>\r\n    <!-- Testimonial End -->\r\n\r\n    <script type=\"text\/javascript\">\r\n      jQuery(document).ready(function($) {\r\n        $('#seese-testi-slider-69f4b577487e6').imagesLoaded(function() {\r\n          $('#seese-testi-slider-69f4b577487e6').owlCarousel({\r\n            items: 1,\r\n            loop: true,\r\n            nav: false,\r\n            dots: true,\r\n            autoplay: false,\r\n            navText: [\"<i class='fa fa-angle-left' aria-hidden='true'><\/i>\", \"<i class='fa fa-angle-right' aria-hidden='true'><\/i>\"],\r\n            autoHeight: false,\r\n            responsive: {\r\n              0: {\r\n                items: 1\r\n              },\r\n              600: {\r\n                items: 1\r\n              }\r\n            }\r\n          });\r\n        });\r\n      });\r\n    <\/script>\r\n\r\n  <\/div><\/div><\/div><\/div><div class=\"vc_row wpb_row vc_row-fluid\"><div class=\"wpb_column vc_column_container vc_col-sm-12\"><div class=\"vc_column-inner\"><div class=\"wpb_wrapper\"><div class=\"seese-img-carousel \"><ul class=\"owl-carousel\" id=\"seese-img-carousel-69f4b577492f1\"><li><div class=\"\"><img decoding=\"async\" src=\"https:\/\/monaychurro.com\/wp-content\/uploads\/2016\/10\/brand_3.png\" alt=\"\"><\/div><\/li><\/ul><\/div>\r\n    <script type=\"text\/javascript\">\r\n      jQuery(document).ready(function($) {\r\n        var $owl = $('#seese-img-carousel-69f4b577492f1');\r\n        $owl.imagesLoaded(function() {\r\n          $owl.owlCarousel({\r\n            items:         6,\r\n            margin:        10,\r\n            loop:          true,\r\n            nav:           false,\r\n            dots:          false,\r\n            autoplay:      false,\r\n            navSpeed:      500,\r\n            dotsSpeed:     500,\r\n            autoplaySpeed: 500,\r\n            autoHeight:    false,\r\n            navText:       [\"<i class='fa fa-angle-left' aria-hidden='true'><\/i>\", \"<i class='fa fa-angle-right' aria-hidden='true'><\/i>\"],\r\n            responsive:    {\r\n                              0: {\r\n                                  items: 3\r\n                              },\r\n                              400: {\r\n                                  items: 4\r\n                              },\r\n                              600: {\r\n                                  items: 6                              }\r\n                           },\r\n            onInitialized: setOwlStageColor,\r\n            onResized:     setOwlStageColor,\r\n            onTranslated:  setOwlStageColor\r\n          });\r\n        });\r\n        function setOwlStageColor(event) {\r\n          $('#seese-img-carousel-69f4b577492f1 .owl-stage').css('background', \"\");\r\n        }\r\n      });\r\n    <\/script>\r\n\r\n    <\/div><\/div><\/div><\/div>\n<\/div>","protected":false},"excerpt":{"rendered":"<p>Artist and designer. Her  work has been exhibited in spaces such as the Oscar Ascanio Gallery in Miami-USA, the third Young Art Competition 2010 Embassy of Spain in Colombia-Colsanitas, the University of Los Andes and the Santa F\u00e9 Gallery. She has done interior design work for Panama, Colombia, Ecuador, Mexico and the USA.<\/p>\n<p>She is happily married to the ad man Jaime Reyes with whom she has two daughters: Ana and Isabel. In 2019 she started her fashion project Mona &amp; Churro.<\/p>","protected":false},"author":1,"featured_media":2383,"parent":0,"menu_order":0,"comment_status":"closed","ping_status":"closed","template":"","meta":{"_joinchat":[],"footnotes":""},"class_list":["post-26","page","type-page","status-publish","has-post-thumbnail","hentry"],"_links":{"self":[{"href":"https:\/\/monaychurro.com\/en\/wp-json\/wp\/v2\/pages\/26","targetHints":{"allow":["GET"]}}],"collection":[{"href":"https:\/\/monaychurro.com\/en\/wp-json\/wp\/v2\/pages"}],"about":[{"href":"https:\/\/monaychurro.com\/en\/wp-json\/wp\/v2\/types\/page"}],"author":[{"embeddable":true,"href":"https:\/\/monaychurro.com\/en\/wp-json\/wp\/v2\/users\/1"}],"replies":[{"embeddable":true,"href":"https:\/\/monaychurro.com\/en\/wp-json\/wp\/v2\/comments?post=26"}],"version-history":[{"count":0,"href":"https:\/\/monaychurro.com\/en\/wp-json\/wp\/v2\/pages\/26\/revisions"}],"wp:featuredmedia":[{"embeddable":true,"href":"https:\/\/monaychurro.com\/en\/wp-json\/wp\/v2\/media\/2383"}],"wp:attachment":[{"href":"https:\/\/monaychurro.com\/en\/wp-json\/wp\/v2\/media?parent=26"}],"curies":[{"name":"wp","href":"https:\/\/api.w.org\/{rel}","templated":true}]}}